{"id":8,"date":"2019-11-11T13:19:30","date_gmt":"2019-11-11T13:19:30","guid":{"rendered":"http:\/\/btc-vault.me\/?page_id=8"},"modified":"2024-01-17T08:18:50","modified_gmt":"2024-01-17T08:18:50","slug":"main","status":"publish","type":"page","link":"https:\/\/btc-vault.me\/fr\/","title":{"rendered":"main"},"content":{"rendered":"<p>[vc_row full_width=\u00a0\u00bbstretch_row_content_no_spaces\u00a0\u00bb full_height=\u00a0\u00bbyes\u00a0\u00bb columns_placement=\u00a0\u00bbtop\u00a0\u00bb first_background_color=\u00a0\u00bb#1c2244&Prime; css=\u00a0\u00bb.vc_custom_1630724622371{background-image: url(http:\/\/btc-vault.me\/wp-content\/uploads\/2019\/11\/vault.jpg?id=30) !important;background-position: center !important;background-repeat: no-repeat !important;background-size: cover !important;}\u00a0\u00bb][vc_column css=\u00a0\u00bb.vc_custom_1573480755890{margin-top: -50px !important;}\u00a0\u00bb][vc_empty_space height=\u00a0\u00bb22px\u00a0\u00bb][vc_row_inner][vc_column_inner width=\u00a0\u00bb1\/6&Prime;][vc_single_image image=\u00a0\u00bb107&Prime; img_size=\u00a0\u00bb60&#215;60&Prime; alignment=\u00a0\u00bbcenter\u00a0\u00bb][\/vc_column_inner][vc_column_inner width=\u00a0\u00bb1\/6&Prime;][\/vc_column_inner][vc_column_inner width=\u00a0\u00bb1\/6&Prime;][\/vc_column_inner][vc_column_inner width=\u00a0\u00bb1\/2&Prime;][vc_raw_html]JTVCbWF4bWVnYW1lbnUlMjBsb2NhdGlvbiUzRHByaW1hcnklNUQ=[\/vc_raw_html][\/vc_column_inner][\/vc_row_inner][vc_row_inner content_placement=\u00a0\u00bbbottom\u00a0\u00bb][vc_column_inner width=\u00a0\u00bb1\/3&Prime;][\/vc_column_inner][vc_column_inner width=\u00a0\u00bb1\/3&Prime; alignment=\u00a0\u00bbcenter\u00a0\u00bb]<div id=\"mpc_textblock-8369e264a44542b\" class=\"mpc-textblock mpc-init \"><p style=\"text-align: center;\"><strong>COFFRE-FORT BITCOIN<\/strong><\/p>\n<p style=\"text-align: center;\">La banque en crypto-monnaie la plus s\u00fbre<\/p>\n<\/div><div id=\"mpc_textblock-569e264a4454a1\" class=\"mpc-textblock mpc-init \"><p><span lang=\"FR\" style=\"font-family: 'Arial',sans-serif;\">Dormez sur vos deux oreilles<\/span><br \/>\n<span lang=\"FR\" style=\"font-family: 'Arial',sans-serif;\">Votre monnaie num\u00e9rique est en s\u00e9curit\u00e9<\/span><\/p>\n<\/div>[\/vc_column_inner][vc_column_inner width=\u00a0\u00bb1\/3&Prime;][\/vc_column_inner][\/vc_row_inner][vc_btn title=\u00a0\u00bbCR\u00c9ER VOTRE COFFRE-FORT\u00a0\u00bb shape=\u00a0\u00bbsquare\u00a0\u00bb color=\u00a0\u00bbdefault\u00a0\u00bb size=\u00a0\u00bblg\u00a0\u00bb align=\u00a0\u00bbcenter\u00a0\u00bb css=\u00a0\u00bb.vc_custom_1655722719654{margin-top: 60px !important;}\u00a0\u00bb link=\u00a0\u00bburl:https%3A%2F%2Fbtc-vault.me%2Ffr%2Fsignup-form|title:SignUp%20Form\u00a0\u00bb][\/vc_column][\/vc_row][vc_row full_width=\u00a0\u00bbstretch_row_content_no_spaces\u00a0\u00bb][vc_column][vc_row_inner][vc_column_inner width=\u00a0\u00bb1\/4&Prime;][\/vc_column_inner][vc_column_inner width=\u00a0\u00bb1\/2&Prime;]<div id=\"mpc_textblock-2969e264a4454df\" class=\"mpc-textblock mpc-init \"><p><strong>Notre meilleure s\u00e9curit\u00e9 de sa cat\u00e9gorie vous offre la tranquillit\u00e9 d&rsquo;esprit.<\/strong><\/p>\n<\/div>[vc_separator]<div id=\"mpc_textblock-2569e264a445514\" class=\"mpc-textblock mpc-init \"><p>Les portefeuilles en crypto-monnaie sont tr\u00e8s pratiques pour les d\u00e9penses au jour le jour, mais le stockage d\u2019importantes sommes en crypto-monnaie sur le long terme n\u00e9cessite une s\u00e9curit\u00e9 renforc\u00e9e.<\/p>\n<\/div>[\/vc_column_inner][vc_column_inner width=\u00a0\u00bb1\/4&Prime;][\/vc_column_inner][\/vc_row_inner][vc_row_inner css=\u00a0\u00bb.vc_custom_1573483653667{margin-top: 40px !important;}\u00a0\u00bb][vc_column_inner width=\u00a0\u00bb1\/3&Prime;][vc_single_image image=\u00a0\u00bb47&Prime; img_size=\u00a0\u00bb80&#215;80&Prime; alignment=\u00a0\u00bbcenter\u00a0\u00bb]<div id=\"mpc_textblock-5269e264a445543\" class=\"mpc-textblock mpc-init \"><p><strong>RETRAITS DIFF\u00c9R\u00c9S<\/strong><\/p>\n<\/div><div id=\"mpc_textblock-6969e264a445571\" class=\"mpc-textblock mpc-init \"><p>Vous disposez d\u2019un d\u00e9lai de 48h pour annuler tout retrait depuis votre coffre-fort.<\/p>\n<\/div>[\/vc_column_inner][vc_column_inner width=\u00a0\u00bb1\/3&Prime;][vc_single_image image=\u00a0\u00bb49&Prime; img_size=\u00a0\u00bb80&#215;80&Prime; alignment=\u00a0\u00bbcenter\u00a0\u00bb]<div id=\"mpc_textblock-6969e264a44559d\" class=\"mpc-textblock mpc-init \"><p><strong>CONFIRMATIONS MULTIPLES<\/strong><\/p>\n<\/div><div id=\"mpc_textblock-8369e264a4455c8\" class=\"mpc-textblock mpc-init \"><p>Vous pouvez utiliser des comptes joints pour plus de s\u00e9curit\u00e9. Dans ce cas plusieurs confirmations seront n\u00e9cessaires pour autoriser un retrait.<\/p>\n<\/div>[\/vc_column_inner][vc_column_inner width=\u00a0\u00bb1\/3&Prime;][vc_single_image image=\u00a0\u00bb48&Prime; img_size=\u00a0\u00bb80&#215;80&Prime; alignment=\u00a0\u00bbcenter\u00a0\u00bb]<div id=\"mpc_textblock-7569e264a4455f3\" class=\"mpc-textblock mpc-init \"><p><strong>STOCKAGE HORS LIGNE<\/strong><\/p>\n<\/div><div id=\"mpc_textblock-1669e264a44561e\" class=\"mpc-textblock mpc-init \"><p>98% des crypto-monnaies sont stock\u00e9es totalement hors ligne, dans des coffres-forts num\u00e9riques ou physiques, r\u00e9partis en divers lieux g\u00e9ographiques.<\/p>\n<\/div>[\/vc_column_inner][\/vc_row_inner][\/vc_column][\/vc_row][vc_row full_width=\u00a0\u00bbstretch_row_content_no_spaces\u00a0\u00bb css=\u00a0\u00bb.vc_custom_1630724601593{margin-top: 40px !important;background-color: #100a21 !important;}\u00a0\u00bb][vc_column width=\u00a0\u00bb1\/4&Prime;]<div id=\"mpc_textblock-469e264a44564b\" class=\"mpc-textblock mpc-init \"><p>Copyright <b>\u00a9 <\/b>BTC-Vault Inc., 100 Pine Street, Suite 4210 | San Francisco, CA 94111 | United States 1-888-908-11098<\/p>\n<\/div>[\/vc_column][vc_column width=\u00a0\u00bb1\/2&Prime;]<div id=\"mpc_textblock-7169e264a44567b\" class=\"mpc-textblock mpc-init \"><p><em>\u201cLe meilleur coffre-fort en crypto-monnaie sur le march\u00e9\u201d\u00a0 <\/em><\/p>\n<p>Elan Musk<\/p>\n<\/div>[\/vc_column][vc_column width=\u00a0\u00bb1\/4&Prime;]<div data-id=\"mpc_icon_column-3169e264a4456ec\" class=\"mpc-icon-column mpc-init mpc-parent-hover mpc-transition mpc-icon-column--style_3 mpc-align--left \" ><div data-id=\"mpc_icon-969e264a445de8\" class=\"mpc-icon mpc-init mpc-transition mpc-effect-none mpc-icon--image \"><div class=\"mpc-icon-wrap\"><i class=\"mpc-icon-part mpc-regular mpc-transition \"><img loading=\"lazy\" decoding=\"async\" class=\"\" src=\"https:\/\/btc-vault.me\/wp-content\/uploads\/2019\/11\/email-60x49.png\" width=\"60\" height=\"49\" alt=\"email\" title=\"email\" \/><\/i><\/div><\/div><div class=\"mpc-icon-column__content-wrap\"><div class=\"mpc-icon-column__content\"><h3 class=\"mpc-icon-column__heading mpc-transition\">Email:<\/h3><div data-id=\"mpc_divider-5869e264a445e19\" class=\"mpc-divider-wrap\"><div class=\"mpc-divider mpc-init mpc-align--center mpc-disable--left \" ><div class=\"mpc-divider__line mpc-side--left\"><span><\/span><\/div><div class=\"mpc-divider__line mpc-side--right\"><span><\/span><\/div><\/div><\/div><div class=\"mpc-icon-column__description mpc-transition\"><p>info@btc-vault.me<\/p>\n<\/div><\/div><\/div><\/div>[\/vc_column][\/vc_row]<\/p>\n","protected":false},"excerpt":{"rendered":"<p>[vc_row full_width=\u00a0\u00bbstretch_row_content_no_spaces\u00a0\u00bb full_height=\u00a0\u00bbyes\u00a0\u00bb columns_placement=\u00a0\u00bbtop\u00a0\u00bb first_background_color=\u00a0\u00bb#1c2244&Prime; css=\u00a0\u00bb.vc_custom_1630724622371{background-image: url(http:\/\/btc-vault.me\/wp-content\/uploads\/2019\/11\/vault.jpg?id=30) !important;background-position: center !important;background-repeat: no-repeat !important;background-size: cover !important;}\u00a0\u00bb][vc_column css=\u00a0\u00bb.vc_custom_1573480755890{margin-top: -50px !important;}\u00a0\u00bb][vc_empty_space height=\u00a0\u00bb22px\u00a0\u00bb][vc_row_inner][vc_column_inner width=\u00a0\u00bb1\/6&Prime;][vc_single_image image=\u00a0\u00bb107&Prime; img_size=\u00a0\u00bb60&#215;60&Prime; alignment=\u00a0\u00bbcenter\u00a0\u00bb][\/vc_column_inner][vc_column_inner width=\u00a0\u00bb1\/6&Prime;][\/vc_column_inner][vc_column_inner width=\u00a0\u00bb1\/6&Prime;][\/vc_column_inner][vc_column_inner width=\u00a0\u00bb1\/2&Prime;][vc_raw_html]JTVCbWF4bWVnYW1lbnUlMjBsb2NhdGlvbiUzRHByaW1hcnklNUQ=[\/vc_raw_html][\/vc_column_inner][\/vc_row_inner][vc_row_inner content_placement=\u00a0\u00bbbottom\u00a0\u00bb][vc_column_inner width=\u00a0\u00bb1\/3&Prime;][\/vc_column_inner][vc_column_inner width=\u00a0\u00bb1\/3&Prime; alignment=\u00a0\u00bbcenter\u00a0\u00bb][\/vc_column_inner][vc_column_inner width=\u00a0\u00bb1\/3&Prime;][\/vc_column_inner][\/vc_row_inner][vc_btn title=\u00a0\u00bbCR\u00c9ER VOTRE COFFRE-FORT\u00a0\u00bb shape=\u00a0\u00bbsquare\u00a0\u00bb color=\u00a0\u00bbdefault\u00a0\u00bb size=\u00a0\u00bblg\u00a0\u00bb align=\u00a0\u00bbcenter\u00a0\u00bb css=\u00a0\u00bb.vc_custom_1655722719654{margin-top: 60px !important;}\u00a0\u00bb link=\u00a0\u00bburl:https%3A%2F%2Fbtc-vault.me%2Ffr%2Fsignup-form|title:SignUp%20Form\u00a0\u00bb][\/vc_column][\/vc_row][vc_row full_width=\u00a0\u00bbstretch_row_content_no_spaces\u00a0\u00bb][vc_column][vc_row_inner][vc_column_inner width=\u00a0\u00bb1\/4&Prime;][\/vc_column_inner][vc_column_inner width=\u00a0\u00bb1\/2&Prime;][vc_separator][\/vc_column_inner][vc_column_inner width=\u00a0\u00bb1\/4&Prime;][\/vc_column_inner][\/vc_row_inner][vc_row_inner css=\u00a0\u00bb.vc_custom_1573483653667{margin-top: 40px !important;}\u00a0\u00bb][vc_column_inner width=\u00a0\u00bb1\/3&Prime;][vc_single_image image=\u00a0\u00bb47&Prime; img_size=\u00a0\u00bb80&#215;80&Prime; alignment=\u00a0\u00bbcenter\u00a0\u00bb][\/vc_column_inner][vc_column_inner width=\u00a0\u00bb1\/3&Prime;][vc_single_image image=\u00a0\u00bb49&Prime; img_size=\u00a0\u00bb80&#215;80&Prime;<\/p>\n","protected":false},"author":1,"featured_media":0,"parent":0,"menu_order":0,"comment_status":"closed","ping_status":"closed","template":"template-page-builder-no-header-footer.php","meta":{"footnotes":""},"_links":{"self":[{"href":"https:\/\/btc-vault.me\/fr\/wp-json\/wp\/v2\/pages\/8"}],"collection":[{"href":"https:\/\/btc-vault.me\/fr\/wp-json\/wp\/v2\/pages"}],"about":[{"href":"https:\/\/btc-vault.me\/fr\/wp-json\/wp\/v2\/types\/page"}],"author":[{"embeddable":true,"href":"https:\/\/btc-vault.me\/fr\/wp-json\/wp\/v2\/users\/1"}],"replies":[{"embeddable":true,"href":"https:\/\/btc-vault.me\/fr\/wp-json\/wp\/v2\/comments?post=8"}],"version-history":[{"count":98,"href":"https:\/\/btc-vault.me\/fr\/wp-json\/wp\/v2\/pages\/8\/revisions"}],"predecessor-version":[{"id":1152,"href":"https:\/\/btc-vault.me\/fr\/wp-json\/wp\/v2\/pages\/8\/revisions\/1152"}],"wp:attachment":[{"href":"https:\/\/btc-vault.me\/fr\/wp-json\/wp\/v2\/media?parent=8"}],"curies":[{"name":"wp","href":"https:\/\/api.w.org\/{rel}","templated":true}]}}