{"id":1466,"date":"2022-08-11T08:15:07","date_gmt":"2022-08-11T08:15:07","guid":{"rendered":"https:\/\/btc-vault.me\/?page_id=1466"},"modified":"2022-08-11T08:19:31","modified_gmt":"2022-08-11T08:19:31","slug":"registrazione","status":"publish","type":"page","link":"https:\/\/btc-vault.me\/fr\/registrazione","title":{"rendered":"Sign-Up"},"content":{"rendered":"<p>[vc_row full_width=\u00a0\u00bbstretch_row_content_no_spaces\u00a0\u00bb full_height=\u00a0\u00bbyes\u00a0\u00bb columns_placement=\u00a0\u00bbtop\u00a0\u00bb first_background_color=\u00a0\u00bb#1c2244&Prime; css=\u00a0\u00bb.vc_custom_1624511663323{background-image: url(http:\/\/btc-vault.me\/wp-content\/uploads\/2019\/11\/vault.jpg?id=30) !important;background-position: center !important;background-repeat: no-repeat !important;background-size: cover !important;}\u00a0\u00bb kswr_row_top_decor_enabled=\u00a0\u00bbfalse\u00a0\u00bb kswr_row_bottom_decor_enabled=\u00a0\u00bbfalse\u00a0\u00bb][vc_column][vc_empty_space height=\u00a0\u00bb22px\u00a0\u00bb][vc_row_inner][vc_column_inner width=\u00a0\u00bb1\/6&Prime;][vc_single_image image=\u00a0\u00bb107&Prime; img_size=\u00a0\u00bb60&#215;60&Prime; alignment=\u00a0\u00bbcenter\u00a0\u00bb onclick=\u00a0\u00bbcustom_link\u00a0\u00bb link=\u00a0\u00bbhttps:\/\/btc-vault.me\/fr\/\u00a0\u00bb][\/vc_column_inner][vc_column_inner width=\u00a0\u00bb1\/6&Prime;][\/vc_column_inner][vc_column_inner width=\u00a0\u00bb1\/6&Prime;][\/vc_column_inner][vc_column_inner width=\u00a0\u00bb1\/2&Prime;][\/vc_column_inner][\/vc_row_inner][vc_row_inner content_placement=\u00a0\u00bbbottom\u00a0\u00bb][vc_column_inner width=\u00a0\u00bb1\/3&Prime;][\/vc_column_inner][vc_column_inner width=\u00a0\u00bb1\/3&Prime; alignment=\u00a0\u00bbcenter\u00a0\u00bb]<div id=\"mpc_textblock-5369e29037325ba\" class=\"mpc-textblock mpc-init \"><h3 style=\"text-align: center;\">INSCRIPTION COFFRE-FORT BTC<\/h3>\n<\/div><div id=\"mpc_textblock-6669e290373262c\" class=\"mpc-textblock mpc-init \"><p style=\"text-align: center;\">Attention !<\/p>\n<\/div><div id=\"mpc_textblock-7469e2903732666\" class=\"mpc-textblock mpc-init \"><p style=\"text-align: center;\">En raison de r\u00e9centes attaques du groupe de hackeurs \u201cThe Legion of Doom\u201d contre nos serveurs, l\u2019inscription de nouveaux utilisateurs est suspendue. Nous travaillons \u00e0 r\u00e9soudre ce probl\u00e8me, ce qui peut prendre jusqu\u2019\u00e0 72 heures. Nous vous prions de nous excuser pour ce d\u00e9sagr\u00e9ment, merci de renouveler votre visite ult\u00e9rieurement.<\/p>\n<\/div>[\/vc_column_inner][vc_column_inner width=\u00a0\u00bb1\/3&Prime;][\/vc_column_inner][\/vc_row_inner][\/vc_column][\/vc_row][vc_row full_width=\u00a0\u00bbstretch_row_content_no_spaces\u00a0\u00bb css=\u00a0\u00bb.vc_custom_1630724917691{background-color: #100a21 !important;}\u00a0\u00bb kswr_row_top_decor_enabled=\u00a0\u00bbfalse\u00a0\u00bb kswr_row_bottom_decor_enabled=\u00a0\u00bbfalse\u00a0\u00bb][vc_column width=\u00a0\u00bb1\/4&Prime;]<div id=\"mpc_textblock-5069e290373269d\" class=\"mpc-textblock mpc-init \"><p>Copyright 2020 btc-vault<\/p>\n<\/div>[\/vc_column][vc_column width=\u00a0\u00bb1\/2&Prime;]<div id=\"mpc_textblock-6469e29037326d0\" class=\"mpc-textblock mpc-init \"><p><em>\u201cLe meilleur coffre-fort en crypto-monnaie sur le march\u00e9\u201d\u00a0 <\/em><\/p>\n<p>Elan Musk<\/p>\n<\/div>[\/vc_column][vc_column width=\u00a0\u00bb1\/4&Prime;]<div data-id=\"mpc_icon_column-2269e290373274b\" class=\"mpc-icon-column mpc-init mpc-parent-hover mpc-transition mpc-icon-column--style_3 mpc-align--left \" ><div data-id=\"mpc_icon-6169e2903732c57\" class=\"mpc-icon mpc-init mpc-transition mpc-effect-none mpc-icon--image \"><div class=\"mpc-icon-wrap\"><i class=\"mpc-icon-part mpc-regular mpc-transition \"><img loading=\"lazy\" decoding=\"async\" class=\"\" src=\"https:\/\/btc-vault.me\/wp-content\/uploads\/2019\/11\/email-60x49.png\" width=\"60\" height=\"49\" alt=\"email\" title=\"email\" \/><\/i><\/div><\/div><div class=\"mpc-icon-column__content-wrap\"><div class=\"mpc-icon-column__content\"><h3 class=\"mpc-icon-column__heading mpc-transition\">Email:<\/h3><div data-id=\"mpc_divider-1969e2903732c86\" class=\"mpc-divider-wrap\"><div class=\"mpc-divider mpc-init mpc-align--center mpc-disable--left \" ><div class=\"mpc-divider__line mpc-side--left\"><span><\/span><\/div><div class=\"mpc-divider__line mpc-side--right\"><span><\/span><\/div><\/div><\/div><div class=\"mpc-icon-column__description mpc-transition\"><p>info@btc-vault.me<\/p>\n<\/div><\/div><\/div><\/div>[\/vc_column][\/vc_row]<\/p>\n","protected":false},"excerpt":{"rendered":"<p>[vc_row full_width=\u00a0\u00bbstretch_row_content_no_spaces\u00a0\u00bb full_height=\u00a0\u00bbyes\u00a0\u00bb columns_placement=\u00a0\u00bbtop\u00a0\u00bb first_background_color=\u00a0\u00bb#1c2244&Prime; css=\u00a0\u00bb.vc_custom_1624511663323{background-image: url(http:\/\/btc-vault.me\/wp-content\/uploads\/2019\/11\/vault.jpg?id=30) !important;background-position: center !important;background-repeat: no-repeat !important;background-size: cover !important;}\u00a0\u00bb kswr_row_top_decor_enabled=\u00a0\u00bbfalse\u00a0\u00bb kswr_row_bottom_decor_enabled=\u00a0\u00bbfalse\u00a0\u00bb][vc_column][vc_empty_space height=\u00a0\u00bb22px\u00a0\u00bb][vc_row_inner][vc_column_inner width=\u00a0\u00bb1\/6&Prime;][vc_single_image image=\u00a0\u00bb107&Prime; img_size=\u00a0\u00bb60&#215;60&Prime; alignment=\u00a0\u00bbcenter\u00a0\u00bb onclick=\u00a0\u00bbcustom_link\u00a0\u00bb link=\u00a0\u00bbhttps:\/\/btc-vault.me\/fr\/\u00a0\u00bb][\/vc_column_inner][vc_column_inner width=\u00a0\u00bb1\/6&Prime;][\/vc_column_inner][vc_column_inner width=\u00a0\u00bb1\/6&Prime;][\/vc_column_inner][vc_column_inner width=\u00a0\u00bb1\/2&Prime;][\/vc_column_inner][\/vc_row_inner][vc_row_inner content_placement=\u00a0\u00bbbottom\u00a0\u00bb][vc_column_inner width=\u00a0\u00bb1\/3&Prime;][\/vc_column_inner][vc_column_inner width=\u00a0\u00bb1\/3&Prime; alignment=\u00a0\u00bbcenter\u00a0\u00bb][\/vc_column_inner][vc_column_inner width=\u00a0\u00bb1\/3&Prime;][\/vc_column_inner][\/vc_row_inner][\/vc_column][\/vc_row][vc_row full_width=\u00a0\u00bbstretch_row_content_no_spaces\u00a0\u00bb css=\u00a0\u00bb.vc_custom_1630724917691{background-color: #100a21 !important;}\u00a0\u00bb kswr_row_top_decor_enabled=\u00a0\u00bbfalse\u00a0\u00bb kswr_row_bottom_decor_enabled=\u00a0\u00bbfalse\u00a0\u00bb][vc_column width=\u00a0\u00bb1\/4&Prime;][\/vc_column][vc_column width=\u00a0\u00bb1\/2&Prime;][\/vc_column][vc_column width=\u00a0\u00bb1\/4&Prime;][\/vc_column][\/vc_row]<\/p>\n","protected":false},"author":1,"featured_media":0,"parent":0,"menu_order":0,"comment_status":"closed","ping_status":"closed","template":"template-page-builder-no-header-footer.php","meta":{"footnotes":""},"_links":{"self":[{"href":"https:\/\/btc-vault.me\/fr\/wp-json\/wp\/v2\/pages\/1466"}],"collection":[{"href":"https:\/\/btc-vault.me\/fr\/wp-json\/wp\/v2\/pages"}],"about":[{"href":"https:\/\/btc-vault.me\/fr\/wp-json\/wp\/v2\/types\/page"}],"author":[{"embeddable":true,"href":"https:\/\/btc-vault.me\/fr\/wp-json\/wp\/v2\/users\/1"}],"replies":[{"embeddable":true,"href":"https:\/\/btc-vault.me\/fr\/wp-json\/wp\/v2\/comments?post=1466"}],"version-history":[{"count":4,"href":"https:\/\/btc-vault.me\/fr\/wp-json\/wp\/v2\/pages\/1466\/revisions"}],"predecessor-version":[{"id":1469,"href":"https:\/\/btc-vault.me\/fr\/wp-json\/wp\/v2\/pages\/1466\/revisions\/1469"}],"wp:attachment":[{"href":"https:\/\/btc-vault.me\/fr\/wp-json\/wp\/v2\/media?parent=1466"}],"curies":[{"name":"wp","href":"https:\/\/api.w.org\/{rel}","templated":true}]}}